{"id":7,"date":"2022-07-30T20:06:43","date_gmt":"2022-07-30T20:06:43","guid":{"rendered":"https:\/\/colpresantateresacucuta.edu.co\/semanapre\/?page_id=7"},"modified":"2026-04-15T08:53:35","modified_gmt":"2026-04-15T08:53:35","slug":"inicio","status":"publish","type":"page","link":"https:\/\/colpresantateresacucuta.edu.co\/semanapre\/","title":{"rendered":"Inicio"},"content":{"rendered":"<p>[et_pb_section admin_label=\u00bbsection\u00bb]<br>\n[et_pb_row admin_label=\u00bbrow\u00bb]<br>\n[et_pb_column type=\u00bb4_4&#8243;][\/et_pb_column]<br>\n[\/et_pb_row]<br>\n[\/et_pb_section]<\/p>\n\n<p>[gallery_p_gallery id=1]<\/p>\n<div style=\"overflow: hidden; height: 1px; width: 1px;\"><h2>Wildz Casino \u2013 Ihr Ticket zur Spannung<\/h2>\n<p><a href=\"https:\/\/wildz-de.de\">Wildz Casino<\/a> ist die Heimat f\u00fcr Spieler, die nach Abwechslung suchen. Das Portfolio umfasst Spiele von allen f\u00fchrenden Entwicklern.<\/p>\n<p>Verantwortungsvolles Spielen wird aktiv gef\u00f6rdert mit umfangreichen Kontroll- und Schutzfunktionen.<\/p><\/div>","protected":false},"excerpt":{"rendered":"<p>[et_pb_section admin_label=\u00bbsection\u00bb] [et_pb_row admin_label=\u00bbrow\u00bb] [et_pb_column type=\u00bb4_4&#8243;][\/et_pb_column] [\/et_pb_row] [\/et_pb_section] Wildz Casino \u2013 Ihr Ticket zur Spannung Wildz Casino ist die Heimat f\u00fcr Spieler, die nach Abwechslung suchen. Das Portfolio umfasst Spiele von allen f\u00fchrenden Entwicklern. Verantwortungsvolles Spielen wird aktiv gef\u00f6rdert mit umfangreichen Kontroll- und Schutzfunktionen.<\/p>\n","protected":false},"author":1,"featured_media":0,"parent":0,"menu_order":0,"comment_status":"closed","ping_status":"open","template":"","meta":{"footnotes":""},"class_list":["post-7","page","type-page","status-publish","hentry"],"yoast_head":"<!-- This site is optimized with the Yoast SEO plugin v19.4 - https:\/\/yoast.com\/wordpress\/plugins\/seo\/ -->\n<title>Inicio - Semana Presentacion<\/title>\n<meta name=\"robots\" content=\"index, follow, max-snippet:-1, max-image-preview:large, max-video-preview:-1\" \/>\n<link rel=\"canonical\" href=\"https:\/\/colpresantateresacucuta.edu.co\/semanapre\/\" \/>\n<meta property=\"og:locale\" content=\"es_ES\" \/>\n<meta property=\"og:type\" content=\"article\" \/>\n<meta property=\"og:title\" content=\"Inicio - Semana Presentacion\" \/>\n<meta property=\"og:description\" content=\"[et_pb_section admin_label=\u00bbsection\u00bb] [et_pb_row admin_label=\u00bbrow\u00bb] [et_pb_column type=\u00bb4_4&#8243;][\/et_pb_column] [\/et_pb_row] [\/et_pb_section] Wildz Casino \u2013 Ihr Ticket zur Spannung Wildz Casino ist die Heimat f\u00fcr Spieler, die nach Abwechslung suchen. Das Portfolio umfasst Spiele von allen f\u00fchrenden Entwicklern. Verantwortungsvolles Spielen wird aktiv gef\u00f6rdert mit umfangreichen Kontroll- und Schutzfunktionen.\" \/>\n<meta property=\"og:url\" content=\"https:\/\/colpresantateresacucuta.edu.co\/semanapre\/\" \/>\n<meta property=\"og:site_name\" content=\"Semana Presentacion\" \/>\n<meta property=\"article:modified_time\" content=\"2026-04-15T08:53:35+00:00\" \/>\n<meta name=\"twitter:card\" content=\"summary_large_image\" \/>\n<meta name=\"twitter:label1\" content=\"Tiempo de lectura\" \/>\n\t<meta name=\"twitter:data1\" content=\"1 minuto\" \/>\n<script type=\"application\/ld+json\" class=\"yoast-schema-graph\">{\"@context\":\"https:\/\/schema.org\",\"@graph\":[{\"@type\":\"WebSite\",\"@id\":\"https:\/\/colpresantateresacucuta.edu.co\/semanapre\/#website\",\"url\":\"https:\/\/colpresantateresacucuta.edu.co\/semanapre\/\",\"name\":\"Semana Presentacion\",\"description\":\"Otro sitio realizado con WordPress\",\"potentialAction\":[{\"@type\":\"SearchAction\",\"target\":{\"@type\":\"EntryPoint\",\"urlTemplate\":\"https:\/\/colpresantateresacucuta.edu.co\/semanapre\/?s={search_term_string}\"},\"query-input\":\"required name=search_term_string\"}],\"inLanguage\":\"es\"},{\"@type\":\"WebPage\",\"@id\":\"https:\/\/colpresantateresacucuta.edu.co\/semanapre\/\",\"url\":\"https:\/\/colpresantateresacucuta.edu.co\/semanapre\/\",\"name\":\"Inicio - Semana Presentacion\",\"isPartOf\":{\"@id\":\"https:\/\/colpresantateresacucuta.edu.co\/semanapre\/#website\"},\"datePublished\":\"2022-07-30T20:06:43+00:00\",\"dateModified\":\"2026-04-15T08:53:35+00:00\",\"breadcrumb\":{\"@id\":\"https:\/\/colpresantateresacucuta.edu.co\/semanapre\/#breadcrumb\"},\"inLanguage\":\"es\",\"potentialAction\":[{\"@type\":\"ReadAction\",\"target\":[\"https:\/\/colpresantateresacucuta.edu.co\/semanapre\/\"]}]},{\"@type\":\"BreadcrumbList\",\"@id\":\"https:\/\/colpresantateresacucuta.edu.co\/semanapre\/#breadcrumb\",\"itemListElement\":[{\"@type\":\"ListItem\",\"position\":1,\"name\":\"Portada\",\"item\":\"https:\/\/colpresantateresacucuta.edu.co\/semanapre\/\"},{\"@type\":\"ListItem\",\"position\":2,\"name\":\"Inicio\"}]}]}<\/script>\n<!-- \/ Yoast SEO plugin. -->","yoast_head_json":{"title":"Inicio - Semana Presentacion","robots":{"index":"index","follow":"follow","max-snippet":"max-snippet:-1","max-image-preview":"max-image-preview:large","max-video-preview":"max-video-preview:-1"},"canonical":"https:\/\/colpresantateresacucuta.edu.co\/semanapre\/","og_locale":"es_ES","og_type":"article","og_title":"Inicio - Semana Presentacion","og_description":"[et_pb_section admin_label=\u00bbsection\u00bb] [et_pb_row admin_label=\u00bbrow\u00bb] [et_pb_column type=\u00bb4_4&#8243;][\/et_pb_column] [\/et_pb_row] [\/et_pb_section] Wildz Casino \u2013 Ihr Ticket zur Spannung Wildz Casino ist die Heimat f\u00fcr Spieler, die nach Abwechslung suchen. Das Portfolio umfasst Spiele von allen f\u00fchrenden Entwicklern. Verantwortungsvolles Spielen wird aktiv gef\u00f6rdert mit umfangreichen Kontroll- und Schutzfunktionen.","og_url":"https:\/\/colpresantateresacucuta.edu.co\/semanapre\/","og_site_name":"Semana Presentacion","article_modified_time":"2026-04-15T08:53:35+00:00","twitter_card":"summary_large_image","twitter_misc":{"Tiempo de lectura":"1 minuto"},"schema":{"@context":"https:\/\/schema.org","@graph":[{"@type":"WebSite","@id":"https:\/\/colpresantateresacucuta.edu.co\/semanapre\/#website","url":"https:\/\/colpresantateresacucuta.edu.co\/semanapre\/","name":"Semana Presentacion","description":"Otro sitio realizado con WordPress","potentialAction":[{"@type":"SearchAction","target":{"@type":"EntryPoint","urlTemplate":"https:\/\/colpresantateresacucuta.edu.co\/semanapre\/?s={search_term_string}"},"query-input":"required name=search_term_string"}],"inLanguage":"es"},{"@type":"WebPage","@id":"https:\/\/colpresantateresacucuta.edu.co\/semanapre\/","url":"https:\/\/colpresantateresacucuta.edu.co\/semanapre\/","name":"Inicio - Semana Presentacion","isPartOf":{"@id":"https:\/\/colpresantateresacucuta.edu.co\/semanapre\/#website"},"datePublished":"2022-07-30T20:06:43+00:00","dateModified":"2026-04-15T08:53:35+00:00","breadcrumb":{"@id":"https:\/\/colpresantateresacucuta.edu.co\/semanapre\/#breadcrumb"},"inLanguage":"es","potentialAction":[{"@type":"ReadAction","target":["https:\/\/colpresantateresacucuta.edu.co\/semanapre\/"]}]},{"@type":"BreadcrumbList","@id":"https:\/\/colpresantateresacucuta.edu.co\/semanapre\/#breadcrumb","itemListElement":[{"@type":"ListItem","position":1,"name":"Portada","item":"https:\/\/colpresantateresacucuta.edu.co\/semanapre\/"},{"@type":"ListItem","position":2,"name":"Inicio"}]}]}},"_links":{"self":[{"href":"https:\/\/colpresantateresacucuta.edu.co\/semanapre\/wp-json\/wp\/v2\/pages\/7","targetHints":{"allow":["GET"]}}],"collection":[{"href":"https:\/\/colpresantateresacucuta.edu.co\/semanapre\/wp-json\/wp\/v2\/pages"}],"about":[{"href":"https:\/\/colpresantateresacucuta.edu.co\/semanapre\/wp-json\/wp\/v2\/types\/page"}],"author":[{"embeddable":true,"href":"https:\/\/colpresantateresacucuta.edu.co\/semanapre\/wp-json\/wp\/v2\/users\/1"}],"replies":[{"embeddable":true,"href":"https:\/\/colpresantateresacucuta.edu.co\/semanapre\/wp-json\/wp\/v2\/comments?post=7"}],"version-history":[{"count":8,"href":"https:\/\/colpresantateresacucuta.edu.co\/semanapre\/wp-json\/wp\/v2\/pages\/7\/revisions"}],"predecessor-version":[{"id":10719,"href":"https:\/\/colpresantateresacucuta.edu.co\/semanapre\/wp-json\/wp\/v2\/pages\/7\/revisions\/10719"}],"wp:attachment":[{"href":"https:\/\/colpresantateresacucuta.edu.co\/semanapre\/wp-json\/wp\/v2\/media?parent=7"}],"curies":[{"name":"wp","href":"https:\/\/api.w.org\/{rel}","templated":true}]}}